{"id":8,"date":"2025-12-07T23:54:15","date_gmt":"2025-12-08T04:54:15","guid":{"rendered":"https:\/\/superlandero.com.mx\/evolygen\/embryos\/cart\/"},"modified":"2025-12-08T13:18:14","modified_gmt":"2025-12-08T18:18:14","slug":"cart","status":"publish","type":"page","link":"https:\/\/evolygen.ca\/embryos\/cart\/","title":{"rendered":"Cart"},"content":{"rendered":"<div class=\"sws_supernormalaction\"><button on=\"tap:superwebshare-lightbox\" class=\"superwebshare_normal_button1 superwebshare-button-medium superwebshare-button-default superwebshare_prompt superwebshare_button_svg\" style=\"color:#ffffff;background-color: #ffcd05;\" ><svg xmlns=\"http:\/\/www.w3.org\/2000\/svg\" class=\"superwebshare-svg\"  fill=\"currentColor\" viewBox=\"0 0 1000 1000\" stroke=\"currentColor\" stroke-width=\"0\"><path stroke-linecap=\"round\" stroke-linejoin=\"round\" d=\"M789.86,323.67c91.79,0,164.25-72.46,164.25-164.25S881.64,0,789.86,0S625.6,72.46,625.6,164.25c0,4.83,0,14.49,0,24.15L306.76,371.98c-24.15-24.15-57.97-33.82-96.62-33.82c-91.79,0-164.25,72.46-164.25,164.25s72.46,164.25,164.25,164.25c38.65,0,72.46-14.49,96.62-33.82L625.6,821.26c0,9.66,0,14.49,0,19.32c0,86.96,72.46,159.42,159.42,159.42s159.42-72.46,159.42-159.42s-67.63-159.42-154.59-159.42c-33.82,0-67.63,9.66-96.62,33.82L374.4,526.57c0-9.66,0-19.32,0-24.15s0-14.49,0-24.15l318.84-188.41C717.39,314.01,751.21,323.67,789.86,323.67z\" \/><\/svg><span>Share<\/span><\/button><\/div>\n<div data-block-name=\"woocommerce\/cart\" class=\"wp-block-woocommerce-cart alignwide is-loading\">\n<div data-block-name=\"woocommerce\/filled-cart-block\" class=\"wp-block-woocommerce-filled-cart-block\">\n<div data-block-name=\"woocommerce\/cart-items-block\" class=\"wp-block-woocommerce-cart-items-block\">\n<div data-block-name=\"woocommerce\/cart-line-items-block\" class=\"wp-block-woocommerce-cart-line-items-block\"><\/div>\n\n\n<\/div>\n\n\n\n\n<div data-block-name=\"woocommerce\/cart-totals-block\" class=\"wp-block-woocommerce-cart-totals-block\">\n<div data-block-name=\"woocommerce\/cart-order-summary-block\" class=\"wp-block-woocommerce-cart-order-summary-block\">\n<div data-block-name=\"woocommerce\/cart-order-summary-heading-block\" class=\"wp-block-woocommerce-cart-order-summary-heading-block\"><\/div><div data-block-name=\"woocommerce\/cart-order-summary-coupon-form-block\" class=\"wp-block-woocommerce-cart-order-summary-coupon-form-block\"><\/div><div data-block-name=\"woocommerce\/cart-order-summary-totals-block\" class=\"wp-block-woocommerce-cart-order-summary-totals-block\">\n<div data-block-name=\"woocommerce\/cart-order-summary-subtotal-block\" class=\"wp-block-woocommerce-cart-order-summary-subtotal-block\"><\/div>\n<div data-block-name=\"woocommerce\/cart-order-summary-discount-block\" class=\"wp-block-woocommerce-cart-order-summary-discount-block\"><\/div>\n<div data-block-name=\"woocommerce\/cart-order-summary-fee-block\" class=\"wp-block-woocommerce-cart-order-summary-fee-block\"><\/div>\n<div data-block-name=\"woocommerce\/cart-order-summary-shipping-block\" class=\"wp-block-woocommerce-cart-order-summary-shipping-block\"><\/div>\n<div data-block-name=\"woocommerce\/cart-order-summary-taxes-block\" class=\"wp-block-woocommerce-cart-order-summary-taxes-block\"><\/div><\/div>\n<\/div>\n\n\n\n<div data-block-name=\"woocommerce\/cart-express-payment-block\" class=\"wp-block-woocommerce-cart-express-payment-block\"><\/div>\n\n\n\n<div data-block-name=\"woocommerce\/proceed-to-checkout-block\" class=\"wp-block-woocommerce-proceed-to-checkout-block\"><\/div>\n\n\n\n<div data-block-name=\"woocommerce\/cart-accepted-payment-methods-block\" class=\"wp-block-woocommerce-cart-accepted-payment-methods-block\"><\/div>\n<\/div>\n<\/div>\n\n\n\n<div data-block-name=\"woocommerce\/empty-cart-block\" class=\"wp-block-woocommerce-empty-cart-block\">\n<h2 class=\"wp-block-heading has-text-align-center with-empty-cart-icon wc-block-cart__empty-cart__title\">Your cart is currently empty!<\/h2>\n\n\n\n<hr class=\"wp-block-separator has-alpha-channel-opacity is-style-dots\"\/>\n\n\n\n<h2 class=\"wp-block-heading has-text-align-center\">New in store<\/h2>\n\n\n<div data-block-name=\"woocommerce\/product-new\" data-columns=\"4\" data-rows=\"1\" class=\"wc-block-grid wp-block-product-new wp-block-woocommerce-product-new wc-block-product-new has-4-columns\"><ul class=\"wc-block-grid__products\"><li class=\"wc-block-grid__product\">\n\t\t\t\t<a href=\"https:\/\/evolygen.ca\/embryos\/embryo\/embryon-equin-andalou-morphologie\/\" class=\"wc-block-grid__product-link\">\n\t\t\t\t\t\n\t\t\t\t\t<div class=\"wc-block-grid__product-image\"><img fetchpriority=\"high\" decoding=\"async\" width=\"300\" height=\"300\" src=\"https:\/\/evolygen.ca\/embryos\/wp-content\/uploads\/2025\/12\/Andalusian-Horse-Breed-Profile-300x300.webp\" class=\"attachment-woocommerce_thumbnail size-woocommerce_thumbnail\" alt=\"Embryon \u00c9quin Andalou Morphologie\" srcset=\"https:\/\/evolygen.ca\/embryos\/wp-content\/uploads\/2025\/12\/Andalusian-Horse-Breed-Profile-300x300.webp 300w, https:\/\/evolygen.ca\/embryos\/wp-content\/uploads\/2025\/12\/Andalusian-Horse-Breed-Profile-150x150.webp 150w, https:\/\/evolygen.ca\/embryos\/wp-content\/uploads\/2025\/12\/Andalusian-Horse-Breed-Profile-100x100.webp 100w\" sizes=\"(max-width: 300px) 100vw, 300px\" \/><\/div>\n\t\t\t\t\t<div class=\"wc-block-grid__product-title\">Embryon \u00c9quin Andalou Morphologie<\/div>\n\t\t\t\t<\/a>\n\t\t\t\t<div class=\"wc-block-grid__product-price price\"><span class=\"woocommerce-Price-amount amount\"><span class=\"woocommerce-Price-currencySymbol\">&#036;<\/span>4,700.00<\/span><\/div>\n\t\t\t\t\n\t\t\t\t<div class=\"wp-block-button wc-block-grid__product-add-to-cart\"><a href=\"\/embryos\/wp-json\/wp\/v2\/pages\/8?add-to-cart=72\" aria-label=\"Add to cart: &ldquo;Embryon \u00c9quin Andalou Morphologie&rdquo;\" data-quantity=\"1\" data-product_id=\"72\" data-product_sku=\"EMB-EQU-AND-001\" data-price=\"4700\" rel=\"nofollow\" class=\"wp-block-button__link  add_to_cart_button ajax_add_to_cart\">Add to cart<\/a><\/div>\n\t\t\t<\/li><li class=\"wc-block-grid__product\">\n\t\t\t\t<a href=\"https:\/\/evolygen.ca\/embryos\/embryo\/embryon-equin-quarter-horse-lignee-travail\/\" class=\"wc-block-grid__product-link\">\n\t\t\t\t\t\n\t\t\t\t\t<div class=\"wc-block-grid__product-image\"><img decoding=\"async\" width=\"300\" height=\"300\" src=\"https:\/\/evolygen.ca\/embryos\/wp-content\/uploads\/2025\/12\/Sorrel_gelding-300x300.jpg\" class=\"attachment-woocommerce_thumbnail size-woocommerce_thumbnail\" alt=\"Embryon \u00c9quin Quarter Horse Lign\u00e9e Travail\" srcset=\"https:\/\/evolygen.ca\/embryos\/wp-content\/uploads\/2025\/12\/Sorrel_gelding-300x300.jpg 300w, https:\/\/evolygen.ca\/embryos\/wp-content\/uploads\/2025\/12\/Sorrel_gelding-150x150.jpg 150w, https:\/\/evolygen.ca\/embryos\/wp-content\/uploads\/2025\/12\/Sorrel_gelding-100x100.jpg 100w\" sizes=\"(max-width: 300px) 100vw, 300px\" \/><\/div>\n\t\t\t\t\t<div class=\"wc-block-grid__product-title\">Embryon \u00c9quin Quarter Horse Lign\u00e9e Travail<\/div>\n\t\t\t\t<\/a>\n\t\t\t\t<div class=\"wc-block-grid__product-price price\"><span class=\"woocommerce-Price-amount amount\"><span class=\"woocommerce-Price-currencySymbol\">&#036;<\/span>4,100.00<\/span><\/div>\n\t\t\t\t\n\t\t\t\t<div class=\"wp-block-button wc-block-grid__product-add-to-cart\"><a href=\"\/embryos\/wp-json\/wp\/v2\/pages\/8?add-to-cart=71\" aria-label=\"Add to cart: &ldquo;Embryon \u00c9quin Quarter Horse Lign\u00e9e Travail&rdquo;\" data-quantity=\"1\" data-product_id=\"71\" data-product_sku=\"EMB-EQU-QH-002\" data-price=\"4100\" rel=\"nofollow\" class=\"wp-block-button__link  add_to_cart_button ajax_add_to_cart\">Add to cart<\/a><\/div>\n\t\t\t<\/li><li class=\"wc-block-grid__product\">\n\t\t\t\t<a href=\"https:\/\/evolygen.ca\/embryos\/embryo\/embryon-equin-quarter-horse-performance\/\" class=\"wc-block-grid__product-link\">\n\t\t\t\t\t\n\t\t\t\t\t<div class=\"wc-block-grid__product-image\"><img decoding=\"async\" width=\"300\" height=\"300\" src=\"https:\/\/evolygen.ca\/embryos\/wp-content\/uploads\/2025\/12\/quarterhorsebreed-300x300.png\" class=\"attachment-woocommerce_thumbnail size-woocommerce_thumbnail\" alt=\"Embryon \u00c9quin Quarter Horse Performance\" srcset=\"https:\/\/evolygen.ca\/embryos\/wp-content\/uploads\/2025\/12\/quarterhorsebreed-300x300.png 300w, https:\/\/evolygen.ca\/embryos\/wp-content\/uploads\/2025\/12\/quarterhorsebreed-150x150.png 150w, https:\/\/evolygen.ca\/embryos\/wp-content\/uploads\/2025\/12\/quarterhorsebreed-100x100.png 100w\" sizes=\"(max-width: 300px) 100vw, 300px\" \/><\/div>\n\t\t\t\t\t<div class=\"wc-block-grid__product-title\">Embryon \u00c9quin Quarter Horse Performance<\/div>\n\t\t\t\t<\/a>\n\t\t\t\t<div class=\"wc-block-grid__product-price price\"><span class=\"woocommerce-Price-amount amount\"><span class=\"woocommerce-Price-currencySymbol\">&#036;<\/span>4,300.00<\/span><\/div>\n\t\t\t\t\n\t\t\t\t<div class=\"wp-block-button wc-block-grid__product-add-to-cart\"><a href=\"\/embryos\/wp-json\/wp\/v2\/pages\/8?add-to-cart=70\" aria-label=\"Add to cart: &ldquo;Embryon \u00c9quin Quarter Horse Performance&rdquo;\" data-quantity=\"1\" data-product_id=\"70\" data-product_sku=\"EMB-EQU-QH-001\" data-price=\"4300\" rel=\"nofollow\" class=\"wp-block-button__link  add_to_cart_button ajax_add_to_cart\">Add to cart<\/a><\/div>\n\t\t\t<\/li><li class=\"wc-block-grid__product\">\n\t\t\t\t<a href=\"https:\/\/evolygen.ca\/embryos\/embryo\/embryon-equin-selle-francais-elite\/\" class=\"wc-block-grid__product-link\">\n\t\t\t\t\t\n\t\t\t\t\t<div class=\"wc-block-grid__product-image\"><img loading=\"lazy\" decoding=\"async\" width=\"300\" height=\"300\" src=\"https:\/\/evolygen.ca\/embryos\/wp-content\/uploads\/2025\/12\/placeholder-300x300.png\" class=\"woocommerce-placeholder wp-post-image\" alt=\"\" srcset=\"https:\/\/evolygen.ca\/embryos\/wp-content\/uploads\/2025\/12\/placeholder-300x300.png 300w, https:\/\/evolygen.ca\/embryos\/wp-content\/uploads\/2025\/12\/placeholder-150x150.png 150w, https:\/\/evolygen.ca\/embryos\/wp-content\/uploads\/2025\/12\/placeholder-768x768.png 768w, https:\/\/evolygen.ca\/embryos\/wp-content\/uploads\/2025\/12\/placeholder-600x600.png 600w, https:\/\/evolygen.ca\/embryos\/wp-content\/uploads\/2025\/12\/placeholder-100x100.png 100w, https:\/\/evolygen.ca\/embryos\/wp-content\/uploads\/2025\/12\/placeholder.png 1024w\" sizes=\"(max-width: 300px) 100vw, 300px\" \/><\/div>\n\t\t\t\t\t<div class=\"wc-block-grid__product-title\">Embryon \u00c9quin Selle Fran\u00e7ais \u00c9lite<\/div>\n\t\t\t\t<\/a>\n\t\t\t\t<div class=\"wc-block-grid__product-price price\"><span class=\"woocommerce-Price-amount amount\"><span class=\"woocommerce-Price-currencySymbol\">&#036;<\/span>6,500.00<\/span><\/div>\n\t\t\t\t\n\t\t\t\t<div class=\"wp-block-button wc-block-grid__product-add-to-cart\"><a href=\"\/embryos\/wp-json\/wp\/v2\/pages\/8?add-to-cart=69\" aria-label=\"Add to cart: &ldquo;Embryon \u00c9quin Selle Fran\u00e7ais \u00c9lite&rdquo;\" data-quantity=\"1\" data-product_id=\"69\" data-product_sku=\"EMB-EQU-SF-002\" data-price=\"6500\" rel=\"nofollow\" class=\"wp-block-button__link  add_to_cart_button ajax_add_to_cart\">Add to cart<\/a><\/div>\n\t\t\t<\/li><\/ul><\/div><\/div>\n<\/div>\n<div class=\"sws_supernormalaction\"><button on=\"tap:superwebshare-lightbox\" class=\"superwebshare_normal_button1 superwebshare-button-medium superwebshare-button-default superwebshare_prompt superwebshare_button_svg\" style=\"color:#ffffff;background-color: #ffcd05;\" ><svg xmlns=\"http:\/\/www.w3.org\/2000\/svg\" class=\"superwebshare-svg\"  fill=\"currentColor\" viewBox=\"0 0 1000 1000\" stroke=\"currentColor\" stroke-width=\"0\"><path stroke-linecap=\"round\" stroke-linejoin=\"round\" d=\"M789.86,323.67c91.79,0,164.25-72.46,164.25-164.25S881.64,0,789.86,0S625.6,72.46,625.6,164.25c0,4.83,0,14.49,0,24.15L306.76,371.98c-24.15-24.15-57.97-33.82-96.62-33.82c-91.79,0-164.25,72.46-164.25,164.25s72.46,164.25,164.25,164.25c38.65,0,72.46-14.49,96.62-33.82L625.6,821.26c0,9.66,0,14.49,0,19.32c0,86.96,72.46,159.42,159.42,159.42s159.42-72.46,159.42-159.42s-67.63-159.42-154.59-159.42c-33.82,0-67.63,9.66-96.62,33.82L374.4,526.57c0-9.66,0-19.32,0-24.15s0-14.49,0-24.15l318.84-188.41C717.39,314.01,751.21,323.67,789.86,323.67z\" \/><\/svg><span>Share<\/span><\/button><\/div>","protected":false},"excerpt":{"rendered":"<p>Share Share<\/p>\n","protected":false},"author":2,"featured_media":0,"parent":0,"menu_order":0,"comment_status":"closed","ping_status":"closed","template":"","meta":{"footnotes":""},"class_list":["post-8","page","type-page","status-publish","hentry"],"blocksy_meta":[],"_links":{"self":[{"href":"https:\/\/evolygen.ca\/embryos\/wp-json\/wp\/v2\/pages\/8","targetHints":{"allow":["GET"]}}],"collection":[{"href":"https:\/\/evolygen.ca\/embryos\/wp-json\/wp\/v2\/pages"}],"about":[{"href":"https:\/\/evolygen.ca\/embryos\/wp-json\/wp\/v2\/types\/page"}],"author":[{"embeddable":true,"href":"https:\/\/evolygen.ca\/embryos\/wp-json\/wp\/v2\/users\/2"}],"replies":[{"embeddable":true,"href":"https:\/\/evolygen.ca\/embryos\/wp-json\/wp\/v2\/comments?post=8"}],"version-history":[{"count":1,"href":"https:\/\/evolygen.ca\/embryos\/wp-json\/wp\/v2\/pages\/8\/revisions"}],"predecessor-version":[{"id":12,"href":"https:\/\/evolygen.ca\/embryos\/wp-json\/wp\/v2\/pages\/8\/revisions\/12"}],"wp:attachment":[{"href":"https:\/\/evolygen.ca\/embryos\/wp-json\/wp\/v2\/media?parent=8"}],"curies":[{"name":"wp","href":"https:\/\/api.w.org\/{rel}","templated":true}]}}