{"id":63,"date":"2025-12-08T01:12:50","date_gmt":"2025-12-08T06:12:50","guid":{"rendered":"https:\/\/superlandero.com.mx\/evolygen\/embryos\/product\/embryon-bovin-angus-genetique-elite\/"},"modified":"2025-12-08T21:44:14","modified_gmt":"2025-12-09T02:44:14","slug":"embryon-bovin-angus-genetique-elite","status":"publish","type":"product","link":"https:\/\/evolygen.ca\/embryos\/embryo\/embryon-bovin-angus-genetique-elite\/","title":{"rendered":"Embryon Bovin Angus \u2013 G\u00e9n\u00e9tique Elite"},"content":{"rendered":"<p>Embryon bovin Angus issu de donneuse \u00e9lite, s\u00e9lectionn\u00e9e pour croissance, conformation et efficacit\u00e9 alimentaire. Convient aux programmes d\u2019am\u00e9lioration g\u00e9n\u00e9tique commerciale et pure race.<\/p>\n","protected":false},"excerpt":{"rendered":"<p>Angus haute valeur g\u00e9n\u00e9tique<\/p>\n","protected":false},"featured_media":537,"template":"","meta":[],"product_brand":[],"product_cat":[17],"product_tag":[55,56,57],"class_list":{"0":"post-63","1":"product","2":"type-product","3":"status-publish","4":"has-post-thumbnail","6":"product_cat-bovins","7":"product_tag-angus","8":"product_tag-ivf","9":"product_tag-viande","11":"first","12":"instock","13":"shipping-taxable","14":"purchasable","15":"product-type-simple"},"_links":{"self":[{"href":"https:\/\/evolygen.ca\/embryos\/wp-json\/wp\/v2\/product\/63","targetHints":{"allow":["GET"]}}],"collection":[{"href":"https:\/\/evolygen.ca\/embryos\/wp-json\/wp\/v2\/product"}],"about":[{"href":"https:\/\/evolygen.ca\/embryos\/wp-json\/wp\/v2\/types\/product"}],"wp:featuredmedia":[{"embeddable":true,"href":"https:\/\/evolygen.ca\/embryos\/wp-json\/wp\/v2\/media\/537"}],"wp:attachment":[{"href":"https:\/\/evolygen.ca\/embryos\/wp-json\/wp\/v2\/media?parent=63"}],"wp:term":[{"taxonomy":"product_brand","embeddable":true,"href":"https:\/\/evolygen.ca\/embryos\/wp-json\/wp\/v2\/product_brand?post=63"},{"taxonomy":"product_cat","embeddable":true,"href":"https:\/\/evolygen.ca\/embryos\/wp-json\/wp\/v2\/product_cat?post=63"},{"taxonomy":"product_tag","embeddable":true,"href":"https:\/\/evolygen.ca\/embryos\/wp-json\/wp\/v2\/product_tag?post=63"}],"curies":[{"name":"wp","href":"https:\/\/api.w.org\/{rel}","templated":true}]}}