{"id":64,"date":"2025-12-08T01:12:50","date_gmt":"2025-12-08T06:12:50","guid":{"rendered":"https:\/\/superlandero.com.mx\/evolygen\/embryos\/product\/embryon-bovin-angus-sexe-femelle\/"},"modified":"2025-12-08T21:44:14","modified_gmt":"2025-12-09T02:44:14","slug":"embryon-bovin-angus-sexe-femelle","status":"publish","type":"product","link":"https:\/\/evolygen.ca\/embryos\/embryo\/embryon-bovin-angus-sexe-femelle\/","title":{"rendered":"Embryon Bovin Angus Sex\u00e9 Femelle"},"content":{"rendered":"<p>Embryon bovin Angus avec sexage femelle confirm\u00e9. Recommand\u00e9 pour \u00e9levages de reproduction et expansion de troupeau.<\/p>\n","protected":false},"excerpt":{"rendered":"<p>Angus sex\u00e9 femelle<\/p>\n","protected":false},"featured_media":0,"template":"","meta":[],"product_brand":[],"product_cat":[17],"product_tag":[55,56,58],"class_list":{"0":"post-64","1":"product","2":"type-product","3":"status-publish","5":"product_cat-bovins","6":"product_tag-angus","7":"product_tag-ivf","8":"product_tag-sexe","10":"first","11":"instock","12":"shipping-taxable","13":"purchasable","14":"product-type-simple"},"_links":{"self":[{"href":"https:\/\/evolygen.ca\/embryos\/wp-json\/wp\/v2\/product\/64","targetHints":{"allow":["GET"]}}],"collection":[{"href":"https:\/\/evolygen.ca\/embryos\/wp-json\/wp\/v2\/product"}],"about":[{"href":"https:\/\/evolygen.ca\/embryos\/wp-json\/wp\/v2\/types\/product"}],"wp:attachment":[{"href":"https:\/\/evolygen.ca\/embryos\/wp-json\/wp\/v2\/media?parent=64"}],"wp:term":[{"taxonomy":"product_brand","embeddable":true,"href":"https:\/\/evolygen.ca\/embryos\/wp-json\/wp\/v2\/product_brand?post=64"},{"taxonomy":"product_cat","embeddable":true,"href":"https:\/\/evolygen.ca\/embryos\/wp-json\/wp\/v2\/product_cat?post=64"},{"taxonomy":"product_tag","embeddable":true,"href":"https:\/\/evolygen.ca\/embryos\/wp-json\/wp\/v2\/product_tag?post=64"}],"curies":[{"name":"wp","href":"https:\/\/api.w.org\/{rel}","templated":true}]}}