{"id":65,"date":"2025-12-08T01:12:51","date_gmt":"2025-12-08T06:12:51","guid":{"rendered":"https:\/\/superlandero.com.mx\/evolygen\/embryos\/product\/embryon-bovin-holstein-production-laitiere\/"},"modified":"2025-12-08T21:44:14","modified_gmt":"2025-12-09T02:44:14","slug":"embryon-bovin-holstein-production-laitiere","status":"publish","type":"product","link":"https:\/\/evolygen.ca\/embryos\/embryo\/embryon-bovin-holstein-production-laitiere\/","title":{"rendered":"Embryon Bovin Holstein Production Laiti\u00e8re"},"content":{"rendered":"<p>Embryon Holstein issu de lign\u00e9es reconnues pour production, long\u00e9vit\u00e9 et qualit\u00e9 de pis.<\/p>\n","protected":false},"excerpt":{"rendered":"<p>Holstein haute performance laiti\u00e8re<\/p>\n","protected":false},"featured_media":0,"template":"","meta":[],"product_brand":[],"product_cat":[17],"product_tag":[59,60,61],"class_list":{"0":"post-65","1":"product","2":"type-product","3":"status-publish","5":"product_cat-bovins","6":"product_tag-holstein","7":"product_tag-lait","8":"product_tag-opu","10":"first","11":"instock","12":"shipping-taxable","13":"purchasable","14":"product-type-simple"},"_links":{"self":[{"href":"https:\/\/evolygen.ca\/embryos\/wp-json\/wp\/v2\/product\/65","targetHints":{"allow":["GET"]}}],"collection":[{"href":"https:\/\/evolygen.ca\/embryos\/wp-json\/wp\/v2\/product"}],"about":[{"href":"https:\/\/evolygen.ca\/embryos\/wp-json\/wp\/v2\/types\/product"}],"wp:attachment":[{"href":"https:\/\/evolygen.ca\/embryos\/wp-json\/wp\/v2\/media?parent=65"}],"wp:term":[{"taxonomy":"product_brand","embeddable":true,"href":"https:\/\/evolygen.ca\/embryos\/wp-json\/wp\/v2\/product_brand?post=65"},{"taxonomy":"product_cat","embeddable":true,"href":"https:\/\/evolygen.ca\/embryos\/wp-json\/wp\/v2\/product_cat?post=65"},{"taxonomy":"product_tag","embeddable":true,"href":"https:\/\/evolygen.ca\/embryos\/wp-json\/wp\/v2\/product_tag?post=65"}],"curies":[{"name":"wp","href":"https:\/\/api.w.org\/{rel}","templated":true}]}}