{"id":66,"date":"2025-12-08T01:12:51","date_gmt":"2025-12-08T06:12:51","guid":{"rendered":"https:\/\/superlandero.com.mx\/evolygen\/embryos\/product\/embryon-bovin-brahman-adapte-climat-chaud\/"},"modified":"2025-12-08T21:44:15","modified_gmt":"2025-12-09T02:44:15","slug":"embryon-bovin-brahman-adapte-climat-chaud","status":"publish","type":"product","link":"https:\/\/evolygen.ca\/embryos\/embryo\/embryon-bovin-brahman-adapte-climat-chaud\/","title":{"rendered":"Embryon Bovin Brahman Adapt\u00e9 Climat Chaud"},"content":{"rendered":"<p>Embryon Brahman s\u00e9lectionn\u00e9 pour r\u00e9sistance thermique, fertilit\u00e9 et adaptation aux environnements tropicaux.<\/p>\n","protected":false},"excerpt":{"rendered":"<p>Brahman rustique<\/p>\n","protected":false},"featured_media":0,"template":"","meta":[],"product_brand":[],"product_cat":[17],"product_tag":[62,63],"class_list":{"0":"post-66","1":"product","2":"type-product","3":"status-publish","5":"product_cat-bovins","6":"product_tag-brahman","7":"product_tag-rustique","9":"first","10":"instock","11":"shipping-taxable","12":"purchasable","13":"product-type-simple"},"_links":{"self":[{"href":"https:\/\/evolygen.ca\/embryos\/wp-json\/wp\/v2\/product\/66","targetHints":{"allow":["GET"]}}],"collection":[{"href":"https:\/\/evolygen.ca\/embryos\/wp-json\/wp\/v2\/product"}],"about":[{"href":"https:\/\/evolygen.ca\/embryos\/wp-json\/wp\/v2\/types\/product"}],"wp:attachment":[{"href":"https:\/\/evolygen.ca\/embryos\/wp-json\/wp\/v2\/media?parent=66"}],"wp:term":[{"taxonomy":"product_brand","embeddable":true,"href":"https:\/\/evolygen.ca\/embryos\/wp-json\/wp\/v2\/product_brand?post=66"},{"taxonomy":"product_cat","embeddable":true,"href":"https:\/\/evolygen.ca\/embryos\/wp-json\/wp\/v2\/product_cat?post=66"},{"taxonomy":"product_tag","embeddable":true,"href":"https:\/\/evolygen.ca\/embryos\/wp-json\/wp\/v2\/product_tag?post=66"}],"curies":[{"name":"wp","href":"https:\/\/api.w.org\/{rel}","templated":true}]}}