{"id":67,"date":"2025-12-08T01:12:51","date_gmt":"2025-12-08T06:12:51","guid":{"rendered":"https:\/\/superlandero.com.mx\/evolygen\/embryos\/product\/embryon-bovin-wagyu-haute-marbrure\/"},"modified":"2025-12-08T21:44:15","modified_gmt":"2025-12-09T02:44:15","slug":"embryon-bovin-wagyu-haute-marbrure","status":"publish","type":"product","link":"https:\/\/evolygen.ca\/embryos\/embryo\/embryon-bovin-wagyu-haute-marbrure\/","title":{"rendered":"Embryon Bovin Wagyu Haute Marbrure"},"content":{"rendered":"<p>Embryon Wagyu issu de lign\u00e9es \u00e0 haut score de marbrure. Destin\u00e9 \u00e0 la production de viande haut de gamme.<\/p>\n","protected":false},"excerpt":{"rendered":"<p>Wagyu premium<\/p>\n","protected":false},"featured_media":0,"template":"","meta":[],"product_brand":[],"product_cat":[17],"product_tag":[65,64],"class_list":{"0":"post-67","1":"product","2":"type-product","3":"status-publish","5":"product_cat-bovins","6":"product_tag-premium","7":"product_tag-wagyu","9":"first","10":"instock","11":"shipping-taxable","12":"purchasable","13":"product-type-simple"},"_links":{"self":[{"href":"https:\/\/evolygen.ca\/embryos\/wp-json\/wp\/v2\/product\/67","targetHints":{"allow":["GET"]}}],"collection":[{"href":"https:\/\/evolygen.ca\/embryos\/wp-json\/wp\/v2\/product"}],"about":[{"href":"https:\/\/evolygen.ca\/embryos\/wp-json\/wp\/v2\/types\/product"}],"wp:attachment":[{"href":"https:\/\/evolygen.ca\/embryos\/wp-json\/wp\/v2\/media?parent=67"}],"wp:term":[{"taxonomy":"product_brand","embeddable":true,"href":"https:\/\/evolygen.ca\/embryos\/wp-json\/wp\/v2\/product_brand?post=67"},{"taxonomy":"product_cat","embeddable":true,"href":"https:\/\/evolygen.ca\/embryos\/wp-json\/wp\/v2\/product_cat?post=67"},{"taxonomy":"product_tag","embeddable":true,"href":"https:\/\/evolygen.ca\/embryos\/wp-json\/wp\/v2\/product_tag?post=67"}],"curies":[{"name":"wp","href":"https:\/\/api.w.org\/{rel}","templated":true}]}}