{"id":68,"date":"2025-12-08T01:12:51","date_gmt":"2025-12-08T06:12:51","guid":{"rendered":"https:\/\/superlandero.com.mx\/evolygen\/embryos\/product\/embryon-equin-selle-francais-saut\/"},"modified":"2025-12-08T21:44:15","modified_gmt":"2025-12-09T02:44:15","slug":"embryon-equin-selle-francais-saut","status":"publish","type":"product","link":"https:\/\/evolygen.ca\/embryos\/embryo\/embryon-equin-selle-francais-saut\/","title":{"rendered":"Embryon \u00c9quin Selle Fran\u00e7ais Saut"},"content":{"rendered":"<p>Embryon \u00e9quin issu de parents performants en saut d\u2019obstacles. Production via ICSI.<\/p>\n","protected":false},"excerpt":{"rendered":"<p>Selle Fran\u00e7ais sport<\/p>\n","protected":false},"featured_media":0,"template":"","meta":[],"product_brand":[],"product_cat":[23],"product_tag":[68,66,67],"class_list":{"0":"post-68","1":"product","2":"type-product","3":"status-publish","5":"product_cat-equins","6":"product_tag-icsi","7":"product_tag-selle-francais","8":"product_tag-sport","10":"first","11":"instock","12":"shipping-taxable","13":"purchasable","14":"product-type-simple"},"_links":{"self":[{"href":"https:\/\/evolygen.ca\/embryos\/wp-json\/wp\/v2\/product\/68","targetHints":{"allow":["GET"]}}],"collection":[{"href":"https:\/\/evolygen.ca\/embryos\/wp-json\/wp\/v2\/product"}],"about":[{"href":"https:\/\/evolygen.ca\/embryos\/wp-json\/wp\/v2\/types\/product"}],"wp:attachment":[{"href":"https:\/\/evolygen.ca\/embryos\/wp-json\/wp\/v2\/media?parent=68"}],"wp:term":[{"taxonomy":"product_brand","embeddable":true,"href":"https:\/\/evolygen.ca\/embryos\/wp-json\/wp\/v2\/product_brand?post=68"},{"taxonomy":"product_cat","embeddable":true,"href":"https:\/\/evolygen.ca\/embryos\/wp-json\/wp\/v2\/product_cat?post=68"},{"taxonomy":"product_tag","embeddable":true,"href":"https:\/\/evolygen.ca\/embryos\/wp-json\/wp\/v2\/product_tag?post=68"}],"curies":[{"name":"wp","href":"https:\/\/api.w.org\/{rel}","templated":true}]}}