{"id":69,"date":"2025-12-08T01:12:52","date_gmt":"2025-12-08T06:12:52","guid":{"rendered":"https:\/\/superlandero.com.mx\/evolygen\/embryos\/product\/embryon-equin-selle-francais-elite\/"},"modified":"2025-12-08T21:44:15","modified_gmt":"2025-12-09T02:44:15","slug":"embryon-equin-selle-francais-elite","status":"publish","type":"product","link":"https:\/\/evolygen.ca\/embryos\/embryo\/embryon-equin-selle-francais-elite\/","title":{"rendered":"Embryon \u00c9quin Selle Fran\u00e7ais \u00c9lite"},"content":{"rendered":"<p>Embryon Selle Fran\u00e7ais provenant de lign\u00e9es internationales de haut niveau.<\/p>\n","protected":false},"excerpt":{"rendered":"<p>Sport haut niveau<\/p>\n","protected":false},"featured_media":0,"template":"","meta":[],"product_brand":[],"product_cat":[23],"product_tag":[69,67],"class_list":{"0":"post-69","1":"product","2":"type-product","3":"status-publish","5":"product_cat-equins","6":"product_tag-elite","7":"product_tag-sport","9":"first","10":"instock","11":"shipping-taxable","12":"purchasable","13":"product-type-simple"},"_links":{"self":[{"href":"https:\/\/evolygen.ca\/embryos\/wp-json\/wp\/v2\/product\/69","targetHints":{"allow":["GET"]}}],"collection":[{"href":"https:\/\/evolygen.ca\/embryos\/wp-json\/wp\/v2\/product"}],"about":[{"href":"https:\/\/evolygen.ca\/embryos\/wp-json\/wp\/v2\/types\/product"}],"wp:attachment":[{"href":"https:\/\/evolygen.ca\/embryos\/wp-json\/wp\/v2\/media?parent=69"}],"wp:term":[{"taxonomy":"product_brand","embeddable":true,"href":"https:\/\/evolygen.ca\/embryos\/wp-json\/wp\/v2\/product_brand?post=69"},{"taxonomy":"product_cat","embeddable":true,"href":"https:\/\/evolygen.ca\/embryos\/wp-json\/wp\/v2\/product_cat?post=69"},{"taxonomy":"product_tag","embeddable":true,"href":"https:\/\/evolygen.ca\/embryos\/wp-json\/wp\/v2\/product_tag?post=69"}],"curies":[{"name":"wp","href":"https:\/\/api.w.org\/{rel}","templated":true}]}}