{"id":70,"date":"2025-12-08T01:12:52","date_gmt":"2025-12-08T06:12:52","guid":{"rendered":"https:\/\/superlandero.com.mx\/evolygen\/embryos\/product\/embryon-equin-quarter-horse-performance\/"},"modified":"2025-12-08T21:44:15","modified_gmt":"2025-12-09T02:44:15","slug":"embryon-equin-quarter-horse-performance","status":"publish","type":"product","link":"https:\/\/evolygen.ca\/embryos\/embryo\/embryon-equin-quarter-horse-performance\/","title":{"rendered":"Embryon \u00c9quin Quarter Horse Performance"},"content":{"rendered":"<p>Embryon Quarter Horse s\u00e9lectionn\u00e9 pour temp\u00e9rament, vitesse et polyvalence.<\/p>\n","protected":false},"excerpt":{"rendered":"<p>Quarter Horse polyvalent<\/p>\n","protected":false},"featured_media":539,"template":"","meta":[],"product_brand":[],"product_cat":[23],"product_tag":[71,70],"class_list":{"0":"post-70","1":"product","2":"type-product","3":"status-publish","4":"has-post-thumbnail","6":"product_cat-equins","7":"product_tag-performance","8":"product_tag-quarter-horse","10":"first","11":"instock","12":"shipping-taxable","13":"purchasable","14":"product-type-simple"},"_links":{"self":[{"href":"https:\/\/evolygen.ca\/embryos\/wp-json\/wp\/v2\/product\/70","targetHints":{"allow":["GET"]}}],"collection":[{"href":"https:\/\/evolygen.ca\/embryos\/wp-json\/wp\/v2\/product"}],"about":[{"href":"https:\/\/evolygen.ca\/embryos\/wp-json\/wp\/v2\/types\/product"}],"wp:featuredmedia":[{"embeddable":true,"href":"https:\/\/evolygen.ca\/embryos\/wp-json\/wp\/v2\/media\/539"}],"wp:attachment":[{"href":"https:\/\/evolygen.ca\/embryos\/wp-json\/wp\/v2\/media?parent=70"}],"wp:term":[{"taxonomy":"product_brand","embeddable":true,"href":"https:\/\/evolygen.ca\/embryos\/wp-json\/wp\/v2\/product_brand?post=70"},{"taxonomy":"product_cat","embeddable":true,"href":"https:\/\/evolygen.ca\/embryos\/wp-json\/wp\/v2\/product_cat?post=70"},{"taxonomy":"product_tag","embeddable":true,"href":"https:\/\/evolygen.ca\/embryos\/wp-json\/wp\/v2\/product_tag?post=70"}],"curies":[{"name":"wp","href":"https:\/\/api.w.org\/{rel}","templated":true}]}}